{"id":21,"date":"2026-02-26T10:23:42","date_gmt":"2026-02-26T10:23:42","guid":{"rendered":"http:\/\/polzare.website\/?page_id=21"},"modified":"2026-02-26T10:23:44","modified_gmt":"2026-02-26T10:23:44","slug":"oekologische-daemmstoffe","status":"publish","type":"page","link":"https:\/\/polzare.website\/?page_id=21","title":{"rendered":"\u00d6kologische D\u00e4mmstoffe"},"content":{"rendered":"\n<p>::::::::::::::::::::::::::::::::::::::::::::::::::<br><strong>Experte: Dieter aus Freiburg<\/strong><br>::::::::::::::::::::::::::::::::::::::::::::::::::<\/p>\n\n\n\n<p>::: NACHHALTIGKEIT IST KEIN TREND, SONDERN SCHUTZ :::<\/p>\n\n\n\n<p>Guten Tag aus dem sonnigen Freiburg! Hier im S\u00fcden legen wir viel Wert auf \u00d6kologie, und das ist auch gut so. Wenn mich Kunden fragen, womit sie ihre W\u00e4nde d\u00e4mmen sollen, sage ich immer: Schauen Sie sich mal an, was die Natur uns bietet. Styropor (EPS) hat zwar seine Berechtigung, aber es ist am Ende Plastik. Wer ein gesundes Raumklima will und Wert auf den \u00f6kologischen Fu\u00dfabdruck legt, sollte \u00fcber nachwachsende Rohstoffe nachdenken. Hanf, Jute, Kork oder Zellulose \u2013 diese Stoffe k\u00f6nnen viel mehr als nur &#8222;warm halten&#8220;.<\/p>\n\n\n\n<figure class=\"wp-block-image size-large\"><img loading=\"lazy\" decoding=\"async\" width=\"1024\" height=\"576\" src=\"http:\/\/polzare.website\/wp-content\/uploads\/2026\/02\/st7RJNXmx-1024x576.jpg\" alt=\"\" class=\"wp-image-22\" srcset=\"https:\/\/polzare.website\/wp-content\/uploads\/2026\/02\/st7RJNXmx-1024x576.jpg 1024w, https:\/\/polzare.website\/wp-content\/uploads\/2026\/02\/st7RJNXmx-300x169.jpg 300w, https:\/\/polzare.website\/wp-content\/uploads\/2026\/02\/st7RJNXmx-768x432.jpg 768w, https:\/\/polzare.website\/wp-content\/uploads\/2026\/02\/st7RJNXmx.jpg 1280w\" sizes=\"auto, (max-width: 1024px) 100vw, 1024px\" \/><\/figure>\n\n\n\n<pre class=\"wp-block-code\"><code>::: DIE VORTEILE DER NATUR :::\n\n* **Feuchtigkeitsregulierung:** \u00d6kologische D\u00e4mmstoffe sind kapillaraktiv. Sie k\u00f6nnen Feuchtigkeit aufnehmen und wieder abgeben, ohne ihre D\u00e4mmwirkung zu verlieren. Das verhindert Schimmel auf nat\u00fcrliche Weise.\n* **Sommerlicher Hitzeschutz:** Materialien wie Holzfaserplatten haben eine hohe Rohdichte. Sie speichern die Hitze des Tages und geben sie erst nachts langsam ab. Ihr Haus bleibt im Sommer also deutlich k\u00fchler.\n* **CO2-Bilanz:** Pflanzen wie Hanf binden w\u00e4hrend ihres Wachstums CO2. Wenn Sie damit d\u00e4mmen, bauen Sie quasi einen Kohlenstoffspeicher in Ihre Wand ein.<\/code><\/pre>\n\n\n\n<p>[=== BIO-TIPP VON DIETER ===]<br>Zellulose-Einblasd\u00e4mmung ist mein absoluter Favorit f\u00fcr zweischaliges Mauerwerk oder Dachzwischenr\u00e4ume. Das sind im Grunde zerfaserte Zeitungen, die mit Mineralsalzen gegen Brand und Ungeziefer gesch\u00fctzt sind. Wir blasen das Material mit einer Maschine in die Hohlr\u00e4ume. Es setzt sich in jede noch so kleine Ritze und ist zudem extrem g\u00fcnstig.<\/p>\n\n\n\n<p>::: WAS ES ZU BEACHTEN GILT :::<\/p>\n\n\n\n<p>Nat\u00fcrlich sind Naturd\u00e4mmstoffe oft etwas teurer in der Anschaffung als Mineralwolle. Aber man muss das Gesamtbild sehen. Die Entsorgungskosten bei einem sp\u00e4teren R\u00fcckbau sind minimal, w\u00e4hrend Styropor heute als Sonderm\u00fcll gilt. Au\u00dferdem ist der Schallschutz bei Holzfaser oder Hanf unschlagbar. Wenn Sie an einer viel befahrenen Stra\u00dfe wohnen, werden Sie den Unterschied sofort h\u00f6ren \u2013 oder eben nicht mehr h\u00f6ren. \u00d6kologisch d\u00e4mmen bedeutet, f\u00fcr die n\u00e4chsten Generationen zu bauen. Es ist ein ehrliches Handwerk mit ehrlichen Materialien.<\/p>\n","protected":false},"excerpt":{"rendered":"<p>::::::::::::::::::::::::::::::::::::::::::::::::::Experte: Dieter aus Freiburg:::::::::::::::::::::::::::::::::::::::::::::::::: ::: NACHHALTIGKEIT IST KEIN TREND, SONDERN SCHUTZ ::: Guten Tag aus dem sonnigen Freiburg! Hier im S\u00fcden legen wir viel Wert auf \u00d6kologie, und das ist&hellip;<\/p>\n","protected":false},"author":1,"featured_media":0,"parent":0,"menu_order":4,"comment_status":"closed","ping_status":"closed","template":"","meta":{"footnotes":""},"class_list":["post-21","page","type-page","status-publish","hentry"],"_links":{"self":[{"href":"https:\/\/polzare.website\/index.php?rest_route=\/wp\/v2\/pages\/21","targetHints":{"allow":["GET"]}}],"collection":[{"href":"https:\/\/polzare.website\/index.php?rest_route=\/wp\/v2\/pages"}],"about":[{"href":"https:\/\/polzare.website\/index.php?rest_route=\/wp\/v2\/types\/page"}],"author":[{"embeddable":true,"href":"https:\/\/polzare.website\/index.php?rest_route=\/wp\/v2\/users\/1"}],"replies":[{"embeddable":true,"href":"https:\/\/polzare.website\/index.php?rest_route=%2Fwp%2Fv2%2Fcomments&post=21"}],"version-history":[{"count":1,"href":"https:\/\/polzare.website\/index.php?rest_route=\/wp\/v2\/pages\/21\/revisions"}],"predecessor-version":[{"id":23,"href":"https:\/\/polzare.website\/index.php?rest_route=\/wp\/v2\/pages\/21\/revisions\/23"}],"wp:attachment":[{"href":"https:\/\/polzare.website\/index.php?rest_route=%2Fwp%2Fv2%2Fmedia&parent=21"}],"curies":[{"name":"wp","href":"https:\/\/api.w.org\/{rel}","templated":true}]}}