{"id":24,"date":"2026-02-26T10:23:54","date_gmt":"2026-02-26T10:23:54","guid":{"rendered":"http:\/\/polzare.website\/?page_id=24"},"modified":"2026-02-26T10:24:06","modified_gmt":"2026-02-26T10:24:06","slug":"foerderung-und-zuschuesse","status":"publish","type":"page","link":"https:\/\/polzare.website\/?page_id=24","title":{"rendered":"F\u00f6rderung und Zusch\u00fcsse"},"content":{"rendered":"\n<p>\u2026\u2026\u2026\u2026\u2026\u2026\u2026\u2026\u2026\u2026\u2026\u2026\u2026\u2026\u2026\u2026..<br><strong>Beratung: Helga aus Leipzig<\/strong><br>\u2026\u2026\u2026\u2026\u2026\u2026\u2026\u2026\u2026\u2026\u2026\u2026\u2026\u2026\u2026\u2026..<\/p>\n\n\n\n<p>|| FINANZIELLE HILFE VOM STAAT ||<\/p>\n\n\n\n<p>Wer heute sein Haus in Deutschland d\u00e4mmt, steht nicht alleine da. Mein Name ist Helga, und ich k\u00fcmmere mich in unserem Betrieb um den &#8222;Papierkram&#8220;. Viele Kunden sind erschlagen von den Abk\u00fcrzungen: KfW, BAFA, GEG, BEG. Aber lassen Sie sich nicht abschrecken! Der Staat hat ein gro\u00dfes Interesse daran, dass wir unsere Geb\u00e4ude sanieren, um die Klimaziele zu erreichen. Und daf\u00fcr gibt es richtig viel Geld zur\u00fcck, wenn man es richtig anstellt. Man muss nur die Reihenfolge einhalten: Erst den Antrag stellen, dann den Auftrag unterschreiben!<\/p>\n\n\n\n<p>|| DIE WICHTIGSTEN F\u00d6RDERWEGE ||<\/p>\n\n\n\n<ol class=\"wp-block-list\">\n<li><strong>BAFA-Zuschuss (Einzelma\u00dfnahmen):<\/strong> Wenn Sie nur die Fassade oder das Dach d\u00e4mmen wollen, gibt es \u00fcber das Bundesamt f\u00fcr Wirtschaft und Ausfuhrkontrolle (BAFA) saftige Zusch\u00fcsse. In der Regel sind das 15 % der Kosten. Wenn Sie vorher einen individuellen Sanierungsfahrplan (iSFP) durch einen Energieberater erstellen lassen, gibt es oft noch mal 5 % extra oben drauf.<\/li>\n\n\n\n<li><strong>KfW-Kredit 261:<\/strong> Das ist f\u00fcr diejenigen interessant, die ihr Haus zum &#8222;Effizienzhaus&#8220; sanieren wollen. Hier gibt es zinsg\u00fcnstige Kredite und hohe Tilgungszusch\u00fcsse.<\/li>\n\n\n\n<li><strong>Steuerliche F\u00f6rderung:<\/strong> Wer keinen direkten Zuschuss m\u00f6chte, kann 20 % der Sanierungskosten (bis zu 40.000 Euro pro Objekt) \u00fcber drei Jahre verteilt direkt von der Steuer absetzen. Das ist oft der unkomplizierteste Weg f\u00fcr Eigenheimbesitzer.<\/li>\n<\/ol>\n\n\n\n<p>\u2026\u2026\u2026\u2026\u2026\u2026\u2026\u2026\u2026\u2026\u2026\u2026\u2026\u2026\u2026\u2026..<\/p>\n\n\n\n<p>|| WAS SIE UNBEDINGT BRAUCHEN ||<\/p>\n\n\n\n<p>Ohne einen zertifizierten Energieberater (Energieeffizienz-Experte) geht bei den Direkzusch\u00fcssen fast nichts mehr. Dieser pr\u00fcft, ob die geplante D\u00e4mmung auch die technischen Mindestanforderungen erf\u00fcllt. F\u00fcr die Fassade bedeutet das meist einen U-Wert von mindestens 0,20 W\/(m\u00b2K). Das klingt kompliziert, aber wir als Fachbetrieb wissen genau, welche D\u00e4mmstoffdicke wir verbauen m\u00fcssen, damit Sie die F\u00f6rderung auch wirklich erhalten.<\/p>\n","protected":false},"excerpt":{"rendered":"<p>\u2026\u2026\u2026\u2026\u2026\u2026\u2026\u2026\u2026\u2026\u2026\u2026\u2026\u2026\u2026\u2026..Beratung: Helga aus Leipzig\u2026\u2026\u2026\u2026\u2026\u2026\u2026\u2026\u2026\u2026\u2026\u2026\u2026\u2026\u2026\u2026.. || FINANZIELLE HILFE VOM STAAT || Wer heute sein Haus in Deutschland d\u00e4mmt, steht nicht alleine da. Mein Name ist Helga, und ich k\u00fcmmere mich in&hellip;<\/p>\n","protected":false},"author":1,"featured_media":0,"parent":0,"menu_order":5,"comment_status":"closed","ping_status":"closed","template":"","meta":{"footnotes":""},"class_list":["post-24","page","type-page","status-publish","hentry"],"_links":{"self":[{"href":"https:\/\/polzare.website\/index.php?rest_route=\/wp\/v2\/pages\/24","targetHints":{"allow":["GET"]}}],"collection":[{"href":"https:\/\/polzare.website\/index.php?rest_route=\/wp\/v2\/pages"}],"about":[{"href":"https:\/\/polzare.website\/index.php?rest_route=\/wp\/v2\/types\/page"}],"author":[{"embeddable":true,"href":"https:\/\/polzare.website\/index.php?rest_route=\/wp\/v2\/users\/1"}],"replies":[{"embeddable":true,"href":"https:\/\/polzare.website\/index.php?rest_route=%2Fwp%2Fv2%2Fcomments&post=24"}],"version-history":[{"count":1,"href":"https:\/\/polzare.website\/index.php?rest_route=\/wp\/v2\/pages\/24\/revisions"}],"predecessor-version":[{"id":25,"href":"https:\/\/polzare.website\/index.php?rest_route=\/wp\/v2\/pages\/24\/revisions\/25"}],"wp:attachment":[{"href":"https:\/\/polzare.website\/index.php?rest_route=%2Fwp%2Fv2%2Fmedia&parent=24"}],"curies":[{"name":"wp","href":"https:\/\/api.w.org\/{rel}","templated":true}]}}